{"id":11944,"date":"2024-01-30T08:03:12","date_gmt":"2024-01-30T08:03:12","guid":{"rendered":"https:\/\/singularstays.com\/politica-sulla-privacy\/"},"modified":"2024-03-05T12:32:31","modified_gmt":"2024-03-05T12:32:31","slug":"politica-sulla-privacy","status":"publish","type":"page","link":"https:\/\/singularstays.com\/it\/politica-sulla-privacy\/","title":{"rendered":"Politica sulla Privacy"},"content":{"rendered":"\t\t<div data-elementor-type=\"wp-page\" data-elementor-id=\"11944\" class=\"elementor elementor-11944 elementor-3\" data-elementor-post-type=\"page\">\n\t\t\t\t\t\t<section class=\"elementor-section elementor-top-section elementor-element elementor-element-7c6cd25 elementor-section-full_width elementor-section-height-min-height elementor-section-items-stretch elementor-section-height-default\" data-id=\"7c6cd25\" data-element_type=\"section\" data-e-type=\"section\" data-settings=\"{&quot;background_background&quot;:&quot;classic&quot;}\">\n\t\t\t\t\t\t<div class=\"elementor-container elementor-column-gap-no\">\n\t\t\t\t\t<div class=\"elementor-column elementor-col-100 elementor-top-column elementor-element elementor-element-6ea6888\" data-id=\"6ea6888\" data-element_type=\"column\" data-e-type=\"column\">\n\t\t\t<div class=\"elementor-widget-wrap elementor-element-populated\">\n\t\t\t\t\t\t<section class=\"elementor-section elementor-inner-section elementor-element elementor-element-e0a3ade elementor-section-boxed elementor-section-height-default elementor-section-height-default\" data-id=\"e0a3ade\" data-element_type=\"section\" data-e-type=\"section\">\n\t\t\t\t\t\t<div class=\"elementor-container elementor-column-gap-default\">\n\t\t\t\t\t<div class=\"elementor-column elementor-col-100 elementor-inner-column elementor-element elementor-element-781122f\" data-id=\"781122f\" data-element_type=\"column\" data-e-type=\"column\">\n\t\t\t<div class=\"elementor-widget-wrap\">\n\t\t\t\t\t\t\t<\/div>\n\t\t<\/div>\n\t\t\t\t\t<\/div>\n\t\t<\/section>\n\t\t\t\t\t<\/div>\n\t\t<\/div>\n\t\t\t\t\t<\/div>\n\t\t<\/section>\n\t\t<div class=\"elementor-element elementor-element-5ccc19b6 e-flex e-con-boxed e-con e-parent\" data-id=\"5ccc19b6\" data-element_type=\"container\" data-e-type=\"container\">\n\t\t\t\t\t<div class=\"e-con-inner\">\n\t\t\t\t<div class=\"elementor-element elementor-element-5bf94e15 elementor-widget elementor-widget-text-editor\" data-id=\"5bf94e15\" data-element_type=\"widget\" data-e-type=\"widget\" data-widget_type=\"text-editor.default\">\n\t\t\t\t<div class=\"elementor-widget-container\">\n\t\t\t\t\t\t\t\t\t<h2>Politica sulla Privacy<\/h2>\r\nIn conformit\u00e0 con quanto stabilito nella normativa vigente sulla Protezione dei Dati Personali (GDPR) e la Legge 34\/2002, dell&#8217;11 luglio, sui Servizi della Societ\u00e0 dell&#8217;Informazione e di Commercio Elettronico (LSSI-CE), ACCOMODATUM GESTION Y SERVICIOS SL informa gli utenti che ha proceduto a creare un profilo sui Social Network Facebook, Twitter, Instagram, con lo scopo principale di pubblicizzare i suoi prodotti e servizi.\r\n\r\nDati di ACCOMODATUM GESTION Y SERVICIOS SL:\r\n\r\nCIF: B98258874 INDIRIZZO: PASAJE DE GINER, 2 46001, VALENCIA EMAIL: <a target=\"_new\">BAJAS@SINGULARSTAYS.COM<\/a> DOMINIO WEB: <a href=\"https:\/\/singularstays.com\/\" target=\"_new\">https:\/\/singularstays.com<\/a>\r\n\r\nL&#8217;utente ha un profilo sulla stessa Rete Sociale e ha deciso di unirsi alla pagina creata da ACCOMODATUM GESTION Y SERVICIOS SL, mostrando cos\u00ec interesse per le informazioni che vi vengono pubblicizzate. Unendosi alla nostra pagina, ci fornisce il suo consenso per il trattamento di quei dati personali pubblicati nel suo profilo.\r\n\r\nL&#8217;utente pu\u00f2 accedere in qualsiasi momento alle politiche sulla privacy della propria Rete Sociale, cos\u00ec come configurare il suo profilo per garantire la sua privacy.\r\n\r\nACCOMODATUM GESTION Y SERVICIOS SL ha accesso e tratta quelle informazioni pubbliche dell&#8217;utente, in particolare, il suo nome di contatto. Questi dati sono utilizzati solo all&#8217;interno della Rete Sociale stessa. Non sono incorporati in nessun file.\r\n\r\nRiguardo ai diritti di accesso, rettificazione, cancellazione e opposizione, di cui l&#8217;utente dispone e che possono essere esercitati davanti a ACCOMODATUM GESTION Y SERVICIOS SL, in conformit\u00e0 con il GDPR, si deve tenere in conto i seguenti punti:\r\n\r\nAccesso: Sar\u00e0 definito dalla funzionalit\u00e0 della Rete Sociale e dalla capacit\u00e0 di accesso alle informazioni dei profili degli utenti. Retifica: Pu\u00f2 essere soddisfatta solo in relazione a quelle informazioni che si trovano sotto il controllo di ACCOMODATUM GESTION Y SERVICIOS SL, ad esempio, eliminando commenti pubblicati sulla propria pagina. Normalmente, questo diritto dovrebbe essere esercitato davanti alla Rete Sociale. Cancellazione e\/o Opposizione: Come nel caso precedente, pu\u00f2 essere soddisfatta solo in relazione a quelle informazioni che si trovano sotto il controllo di ACCOMODATUM GESTION Y SERVICIOS SL, ad esempio, smettendo di essere unito al profilo.\r\n\r\nACCOMODATUM GESTION Y SERVICIOS SL effettuer\u00e0 le seguenti azioni:\r\n\r\nAccesso alle informazioni pubbliche del profilo. Pubblicazione nel profilo dell&#8217;utente di tutte quelle informazioni gi\u00e0 pubblicate nella pagina di ACCOMODATUM GESTION Y SERVICIOS SL. Invio di messaggi personali e individuali attraverso i canali della Rete Sociale. Aggiornamenti dello stato della pagina che verranno pubblicati nel profilo dell&#8217;utente.\r\n\r\nL&#8217;utente pu\u00f2 sempre controllare le sue connessioni, eliminare i contenuti che non gli interessano pi\u00f9 e limitare con chi condivide le sue connessioni, per questo dovr\u00e0 accedere alle sue impostazioni di privacy.\r\n\r\nPubblicazioni\r\n\r\nL&#8217;utente, una volta unito alla pagina di ACCOMODATUM GESTION Y SERVICIOS SL, potr\u00e0 pubblicare in quest&#8217;ultima commenti, link, immagini o fotografie o qualsiasi altro tipo di contenuto multimediale supportato dalla Rete Sociale. L&#8217;utente, in tutti i casi, deve essere il titolare degli stessi, godere dei diritti d&#8217;autore e di propriet\u00e0 intellettuale o avere il consenso dei terzi interessati. \u00c8 espressamente vietata qualsiasi pubblicazione nella pagina, sia testi, grafica, fotografie, video, ecc., che possano attentare o siano suscettibili di attentare alla morale, all&#8217;etica, al buon gusto o al decoro, e\/o che infrangano, violino o contravvengano i diritti di propriet\u00e0 intellettuale o industriale, il diritto all&#8217;immagine o la Legge. In questi casi, ACCOMODATUM GESTION Y SERVICIOS SL si riserva il diritto di rimuovere immediatamente il contenuto, potendo richiedere il blocco permanente dell&#8217;utente.\r\n\r\nACCOMODATUM GESTION Y SERVICIOS SL non sar\u00e0 responsabile dei contenuti che un utente ha pubblicato liberamente.\r\n\r\nL&#8217;utente deve tenere presente che le sue pubblicazioni saranno conosciute dagli altri utenti, quindi egli \u00e8 il principale responsabile della sua privacy.\r\n\r\nLe immagini che possono essere pubblicate nella pagina non saranno archiviate in nessun file da parte di ACCOMODATUM GESTION Y SERVICIOS SL, ma rimarranno nella Rete Sociale.\r\n\r\nConcorsi e promozioni\r\n\r\nACCOMODATUM GESTION Y SERVICIOS SL si riserva il diritto di realizzare concorsi e promozioni, ai quali l&#8217;utente unito alla sua pagina pu\u00f2 partecipare. Le basi di ciascuno di essi, quando si utilizzer\u00e0 a tale scopo la piattaforma della Rete Sociale, saranno pubblicate nella stessa. Rispettando sempre la LSSI-CE e qualsiasi altra norma che le sia applicabile.\r\n\r\nLa Rete Sociale non sponsorizza, avalla n\u00e9 amministra, in nessun modo, nessuna delle nostre promozioni, n\u00e9 \u00e8 associata ad alcuna di esse.\r\n\r\nPubblicit\u00e0\r\n\r\nACCOMODATUM GESTION Y SERVICIOS SL utilizzer\u00e0 la Rete Sociale per pubblicizzare i suoi prodotti e servizi, in ogni caso, se decide di trattare i suoi dati di contatto per realizzare azioni dirette di prospezione commerciale, sar\u00e0 sempre, rispettando le esigenze legali del GDPR e della LSSI-CE.\r\n\r\nNon sar\u00e0 considerata pubblicit\u00e0 il fatto di raccomandare ad altri utenti la pagina di ACCOMODATUM GESTION Y SERVICIOS SL affinch\u00e9 anche loro possano godere delle promozioni o essere informati della sua attivit\u00e0.\r\n\r\nDi seguito dettagliamo il link alla politica sulla privacy della Rete Sociale:\r\n\r\nFacebook: <a href=\"https:\/\/www.facebook.com\/help\/323540651073243\/\" target=\"_new\">https:\/\/www.facebook.com\/help\/323540651073243\/<\/a> Twitter: <a href=\"https:\/\/twitter.com\/privacy\" target=\"_new\">https:\/\/twitter.com\/privacy<\/a> Instagram: <a href=\"http:\/\/instagram.com\/about\/legal\/privacy\/\" target=\"_new\">http:\/\/instagram.com\/about\/legal\/privacy\/<\/a>\r\n\r\nCONDIZIONI D&#8217;USO\r\n\r\nIn conformit\u00e0 con la Legge 34\/2002, dell&#8217;11 luglio, sui Servizi della Societ\u00e0 dell&#8217;Informazione e di Commercio Elettronico (LSSI-CE), ACCOMODATUM GESTION Y SERVICIOS SL informa di essere titolare del sito web <a href=\"https:\/\/singularstays.com\/\" target=\"_new\">https:\/\/singularstays.com<\/a>. In conformit\u00e0 con l&#8217;esigenza dell&#8217;articolo 10 della suddetta Legge, ACCOMODATUM GESTION Y SERVICIOS SL informa dei seguenti dati:\r\n\r\nIl titolare di questo sito web \u00e8 ACCOMODATUM GESTION Y SERVICIOS SL, con CIF B98258874 e domicilio sociale in PASAJE DE GINER, 2 46001, VALENCIA, iscritta nel Registro Mercantile, nel tomo 9194, foglio 160, pagina V-139278 e iscrizione 1. L&#8217;indirizzo email di contatto con l&#8217;azienda \u00e8: <a target=\"_new\">BAJAS@SINGULARSTAYS.COM<\/a>.\r\n\r\nUtente e regime di responsabilit\u00e0\r\n\r\nLa navigazione, l&#8217;accesso e l&#8217;uso sul sito web di ACCOMODATUM GESTION Y SERVICIOS SL conferiscono la condizione di utente, per la quale si accettano, dalla navigazione sul sito web di ACCOMODATUM GESTION Y SERVICIOS SL, tutte le condizioni d&#8217;uso qui stabilite senza pregiudizio dell&#8217;applicazione della corrispondente normativa di obbligo legale secondo il caso.\r\n\r\nIl sito web di ACCOMODATUM GESTION Y SERVICIOS SL fornisce grande diversit\u00e0 di informazioni, servizi e dati. L&#8217;utente assume la sua responsabilit\u00e0 nell&#8217;uso corretto del sito web. Questa responsabilit\u00e0 si estender\u00e0 a:\r\n\r\nLa veridicit\u00e0 e legalit\u00e0 delle informazioni fornite dall&#8217;utente nei moduli estesi da ACCOMODATUM GESTION Y SERVICIOS SL per l&#8217;accesso a certi contenuti o servizi offerti dal web. L&#8217;uso delle informazioni, servizi e dati offerti da ACCOMODATUM GESTION Y SERVICIOS SL contrariamente a quanto disposto dalle presenti condizioni, la Legge, la morale, le buone costumanze o l&#8217;ordine pubblico, o che in qualsiasi altro modo possano comportare lesione dei diritti di terzi o dello stesso funzionamento del sito web.\r\n\r\nPolitica di collegamenti ed esenzioni di responsabilit\u00e0\r\n\r\nACCOMODATUM GESTION Y SERVICIOS SL non si assume responsabilit\u00e0 per il contenuto dei siti web ai quali l&#8217;utente pu\u00f2 accedere attraverso i collegamenti stabiliti nel suo sito web e dichiara che in nessun caso proceder\u00e0 a esaminare o esercitare alcun tipo di controllo sul contenuto di altri siti della rete. Allo stesso modo, non garantir\u00e0 la disponibilit\u00e0 tecnica, accuratezza, veridicit\u00e0, validit\u00e0 o legalit\u00e0 di siti esterni alla sua propriet\u00e0 ai quali si pu\u00f2 accedere tramite i collegamenti.\r\n\r\nACCOMODATUM GESTION Y SERVICIOS SL dichiara di aver adottato tutte le misure necessarie per evitare qualsiasi danno agli utenti del suo sito web, che potrebbero derivare dalla navigazione sul suo sito web. Di conseguenza, ACCOMODATUM GESTION Y SERVICIOS SL non sar\u00e0 responsabile, in nessun caso, degli eventuali danni che per la navigazione in Internet potrebbe soffrire l&#8217;utente.\r\n\r\nModifiche\r\n\r\nACCOMODATUM GESTION Y SERVICIOS SL si riserva il diritto di effettuare le modifiche che ritenga opportune, senza preavviso, nel contenuto del suo sito web. Sia per quanto riguarda i contenuti del sito web, sia per le condizioni d&#8217;uso dello stesso, o nelle condizioni generali di contratto. Tali modifiche potranno essere realizzate attraverso il suo sito web per qualsiasi forma ammissibile in diritto e saranno di obbligo durante il tempo in cui saranno pubblicate sul web e fino a quando non saranno modificate validamente da altre successive.\r\n\r\nServizi di prenotazione via Internet\r\n\r\nCerti contenuti del sito web di ACCOMODATUM GESTION Y SERVICIOS SL contengono la possibilit\u00e0 di prenotare online. L&#8217;uso degli stessi richieder\u00e0 la lettura e l&#8217;accettazione obbligatoria delle condizioni generali di prenotazione stabilite a tale scopo da ACCOMODATUM GESTION Y SERVICIOS SL.\r\n\r\nProtezione dei dati\r\n\r\nIn conformit\u00e0 con quanto stabilito nella normativa vigente sulla Protezione dei Dati Personali, le informiamo che i suoi dati saranno incorporati nel sistema di trattamento titolarit\u00e0 di ACCOMODATUM GESTION Y SERVICIOS SL con CIF B98258874 e domicilio sociale sito in PASAJE DE GINER, 2 46001, VALENCIA, con la finalit\u00e0 di poter facilitare, agilizzare e adempiere agli impegni stabiliti tra le parti. In conformit\u00e0 con la normativa vigente, ACCOMODATUM GESTION Y SERVICIOS SL informa che i dati saranno conservati per il periodo strettamente necessario per adempiere ai prece\r\n\r\nMentre non ci comunica il contrario, intendiamo che i suoi dati non siano stati modificati, che si impegna a notificarci qualsiasi variazione e che abbiamo il suo consenso per utilizzarli per le finalit\u00e0 menzionate.\r\n\r\nACCOMODATUM GESTION Y SERVICIOS SL informa che proceder\u00e0 a trattare i dati in modo lecito, leale, trasparente, adeguato, pertinente, limitato, accurato e aggiornato. \u00c8 per questo che ACCOMODATUM GESTION Y SERVICIOS SL si impegna ad adottare tutte le misure ragionevoli affinch\u00e9 questi siano cancellati o rettificati senza indugio quando siano inaccurati.\r\n\r\nIn accordo con i diritti conferitigli dalla normativa vigente in materia di protezione dei dati potr\u00e0 esercitare i diritti di accesso, rettifica, limitazione di trattamento, cancellazione, portabilit\u00e0 e opposizione al trattamento dei suoi dati di carattere personale cos\u00ec come del consenso prestato per il trattamento degli stessi, indirizzando la sua petizione all&#8217;indirizzo postale indicato sopra o all&#8217;email <a target=\"_new\">BAJAS@SINGULARSTAYS.COM<\/a>.\r\n\r\nPotr\u00e0 rivolgersi all&#8217;Autorit\u00e0 di Controllo competente per presentare il reclamo che ritiene opportuno.\r\n\r\nCertificato SSL (Secure Sockets Layer)\r\n\r\nIl CERTIFICATO SSL fornisce autenticazione, privacy e sicurezza delle informazioni tra ACCOMODATUM GESTION Y SERVICIOS SL e l&#8217;utente.\r\n\r\nACCOMODATUM GESTION Y SERVICIOS SL dispone di un certificato di sicurezza che viene utilizzato per le connessioni sicure.\r\n\r\nIn questo processo si stabiliscono vari parametri per realizzare la connessione in modo sicuro e si stabilisce utilizzando chiavi predefinite, codificando e decodificando tutti i dati inviati fino a che la connessione non venga chiusa.\r\n\r\nPropriet\u00e0 intellettuale e industriale\r\n\r\nACCOMODATUM GESTION Y SERVICIOS SL per s\u00e9 stessa o come cessionaria, \u00e8 titolare di tutti i diritti di propriet\u00e0 intellettuale e industriale della sua pagina web, cos\u00ec come degli elementi contenuti nella stessa (a titolo esemplificativo, immagini, suono, audio, video, software o testi; marchi o loghi, combinazioni di colori, struttura e design, selezione dei materiali usati, programmi di computer necessari per il suo funzionamento, accesso e uso, ecc.), titolarit\u00e0 di ACCOMODATUM GESTION Y SERVICIOS SL. Saranno, pertanto, opere protette come propriet\u00e0 intellettuale dal sistema giuridico spagnolo, essendogli applicabili sia la normativa spagnola e comunitaria in questo campo, sia i trattati internazionali relativi alla materia e sottoscritti dalla Spagna.\r\n\r\nTutti i diritti riservati. In virt\u00f9 di quanto disposto dalla Legge sulla Propriet\u00e0 Intellettuale, sono espressamente proibite la riproduzione, la distribuzione e la comunicazione pubblica, inclusa la sua modalit\u00e0 di messa a disposizione, della totalit\u00e0 o parte dei contenuti di questa pagina web, a fini commerciali, su qualsiasi supporto e con qualsiasi mezzo tecnico, senza l&#8217;autorizzazione di ACCOMODATUM GESTION Y SERVICIOS SL.\r\n\r\nL&#8217;utente si impegna a rispettare i diritti di Propriet\u00e0 Intellettuale e Industriale di propriet\u00e0 di ACCOMODATUM GESTION Y SERVICIOS SL. Potr\u00e0 visualizzare gli elementi del portale e anche stamparli, copiarli e immagazzinarli sul disco rigido del suo computer o su qualsiasi altro supporto fisico a patto che sia, unicamente ed esclusivamente, per il suo uso personale e privato. L&#8217;utente dovr\u00e0 astenersi dal sopprimere, alterare, eludere o manipolare qualsiasi dispositivo di protezione o sistema di sicurezza installato nelle pagine di ACCOMODATUM GESTION Y SERVICIOS SL.\r\n\r\nAzioni legali, legislazione applicabile e giurisdizione\r\n\r\nACCOMODATUM GESTION Y SERVICIOS SL si riserva altres\u00ec la facolt\u00e0 di presentare le azioni civili o penali che ritiene opportune per l&#8217;uso improprio del suo sito web e contenuti, o per la violazione delle presenti condizioni.\r\n\r\nLa relazione tra l&#8217;utente e il fornitore sar\u00e0 regolata dalla normativa vigente e applicabile nel territorio spagnolo. Se sorgessero qualsiasi controversia le parti potranno sottoporre i loro conflitti ad arbitrato o ricorrere alla giurisdizione ordinaria conformemente alle norme sulla giurisdizione e competenza in materia. ACCOMODATUM GESTION Y SERVICIOS SL ha il suo domicilio a VALENCIA, Spagna.\t\t\t\t\t\t\t\t<\/div>\n\t\t\t\t<\/div>\n\t\t\t\t\t<\/div>\n\t\t\t\t<\/div>\n\t\t<div class=\"elementor-element elementor-element-5abbb1a e-flex e-con-boxed e-con e-parent\" data-id=\"5abbb1a\" data-element_type=\"container\" data-e-type=\"container\">\n\t\t\t\t\t<div class=\"e-con-inner\">\n\t\t\t\t<div class=\"elementor-element elementor-element-475aec3 elementor-widget elementor-widget-spacer\" data-id=\"475aec3\" data-element_type=\"widget\" data-e-type=\"widget\" data-widget_type=\"spacer.default\">\n\t\t\t\t<div class=\"elementor-widget-container\">\n\t\t\t\t\t\t\t<div class=\"elementor-spacer\">\n\t\t\t<div class=\"elementor-spacer-inner\"><\/div>\n\t\t<\/div>\n\t\t\t\t\t\t<\/div>\n\t\t\t\t<\/div>\n\t\t\t\t\t<\/div>\n\t\t\t\t<\/div>\n\t\t\t\t<\/div>\n\t\t","protected":false},"excerpt":{"rendered":"<p>Politica sulla Privacy In conformit\u00e0 con quanto stabilito nella normativa vigente sulla Protezione dei Dati Personali (GDPR) e la Legge 34\/2002, dell&#8217;11 luglio, sui Servizi della Societ\u00e0 dell&#8217;Informazione e di Commercio Elettronico (LSSI-CE), ACCOMODATUM GESTION Y SERVICIOS SL informa gli utenti che ha proceduto a creare un profilo sui Social Network Facebook, Twitter, Instagram, con [&hellip;]<\/p>\n","protected":false},"author":1,"featured_media":0,"parent":0,"menu_order":0,"comment_status":"closed","ping_status":"open","template":"","meta":{"_coblocks_attr":"","_coblocks_dimensions":"","_coblocks_responsive_height":"","_coblocks_accordion_ie_support":"","content-type":"","footnotes":""},"class_list":["post-11944","page","type-page","status-publish","hentry"],"yoast_head":"<!-- This site is optimized with the Yoast SEO plugin v27.4 - https:\/\/yoast.com\/product\/yoast-seo-wordpress\/ -->\n<title>Politica sulla Privacy - SingularStays<\/title>\n<meta name=\"robots\" content=\"index, follow, max-snippet:-1, max-image-preview:large, max-video-preview:-1\" \/>\n<link rel=\"canonical\" href=\"https:\/\/singularstays.com\/it\/politica-sulla-privacy\/\" \/>\n<meta property=\"og:locale\" content=\"it_IT\" \/>\n<meta property=\"og:type\" content=\"article\" \/>\n<meta property=\"og:title\" content=\"Politica sulla Privacy - SingularStays\" \/>\n<meta property=\"og:description\" content=\"Politica sulla Privacy In conformit\u00e0 con quanto stabilito nella normativa vigente sulla Protezione dei Dati Personali (GDPR) e la Legge 34\/2002, dell&#8217;11 luglio, sui Servizi della Societ\u00e0 dell&#8217;Informazione e di Commercio Elettronico (LSSI-CE), ACCOMODATUM GESTION Y SERVICIOS SL informa gli utenti che ha proceduto a creare un profilo sui Social Network Facebook, Twitter, Instagram, con [&hellip;]\" \/>\n<meta property=\"og:url\" content=\"https:\/\/singularstays.com\/it\/politica-sulla-privacy\/\" \/>\n<meta property=\"og:site_name\" content=\"SingularStays\" \/>\n<meta property=\"article:modified_time\" content=\"2024-03-05T12:32:31+00:00\" \/>\n<meta name=\"twitter:card\" content=\"summary_large_image\" \/>\n<meta name=\"twitter:label1\" content=\"Tempo di lettura stimato\" \/>\n\t<meta name=\"twitter:data1\" content=\"10 minuti\" \/>\n<script type=\"application\/ld+json\" class=\"yoast-schema-graph\">{\"@context\":\"https:\\\/\\\/schema.org\",\"@graph\":[{\"@type\":\"WebPage\",\"@id\":\"https:\\\/\\\/singularstays.com\\\/it\\\/politica-sulla-privacy\\\/\",\"url\":\"https:\\\/\\\/singularstays.com\\\/it\\\/politica-sulla-privacy\\\/\",\"name\":\"Politica sulla Privacy - SingularStays\",\"isPartOf\":{\"@id\":\"https:\\\/\\\/singularstays.com\\\/it\\\/#website\"},\"datePublished\":\"2024-01-30T08:03:12+00:00\",\"dateModified\":\"2024-03-05T12:32:31+00:00\",\"breadcrumb\":{\"@id\":\"https:\\\/\\\/singularstays.com\\\/it\\\/politica-sulla-privacy\\\/#breadcrumb\"},\"inLanguage\":\"it-IT\",\"potentialAction\":[{\"@type\":\"ReadAction\",\"target\":[\"https:\\\/\\\/singularstays.com\\\/it\\\/politica-sulla-privacy\\\/\"]}]},{\"@type\":\"BreadcrumbList\",\"@id\":\"https:\\\/\\\/singularstays.com\\\/it\\\/politica-sulla-privacy\\\/#breadcrumb\",\"itemListElement\":[{\"@type\":\"ListItem\",\"position\":1,\"name\":\"Portada\",\"item\":\"https:\\\/\\\/singularstays.com\\\/it\\\/\"},{\"@type\":\"ListItem\",\"position\":2,\"name\":\"Politica sulla Privacy\"}]},{\"@type\":\"WebSite\",\"@id\":\"https:\\\/\\\/singularstays.com\\\/it\\\/#website\",\"url\":\"https:\\\/\\\/singularstays.com\\\/it\\\/\",\"name\":\"SingularStays\",\"description\":\"Estancias con Encanto\",\"publisher\":{\"@id\":\"https:\\\/\\\/singularstays.com\\\/it\\\/#organization\"},\"potentialAction\":[{\"@type\":\"SearchAction\",\"target\":{\"@type\":\"EntryPoint\",\"urlTemplate\":\"https:\\\/\\\/singularstays.com\\\/it\\\/?s={search_term_string}\"},\"query-input\":{\"@type\":\"PropertyValueSpecification\",\"valueRequired\":true,\"valueName\":\"search_term_string\"}}],\"inLanguage\":\"it-IT\"},{\"@type\":\"Organization\",\"@id\":\"https:\\\/\\\/singularstays.com\\\/it\\\/#organization\",\"name\":\"SingularStays\",\"url\":\"https:\\\/\\\/singularstays.com\\\/it\\\/\",\"logo\":{\"@type\":\"ImageObject\",\"inLanguage\":\"it-IT\",\"@id\":\"https:\\\/\\\/singularstays.com\\\/it\\\/#\\\/schema\\\/logo\\\/image\\\/\",\"url\":\"https:\\\/\\\/singularstays.com\\\/wp-content\\\/uploads\\\/2024\\\/01\\\/logo-singularstays.png\",\"contentUrl\":\"https:\\\/\\\/singularstays.com\\\/wp-content\\\/uploads\\\/2024\\\/01\\\/logo-singularstays.png\",\"width\":1410,\"height\":658,\"caption\":\"SingularStays\"},\"image\":{\"@id\":\"https:\\\/\\\/singularstays.com\\\/it\\\/#\\\/schema\\\/logo\\\/image\\\/\"}}]}<\/script>\n<!-- \/ Yoast SEO plugin. -->","yoast_head_json":{"title":"Politica sulla Privacy - SingularStays","robots":{"index":"index","follow":"follow","max-snippet":"max-snippet:-1","max-image-preview":"max-image-preview:large","max-video-preview":"max-video-preview:-1"},"canonical":"https:\/\/singularstays.com\/it\/politica-sulla-privacy\/","og_locale":"it_IT","og_type":"article","og_title":"Politica sulla Privacy - SingularStays","og_description":"Politica sulla Privacy In conformit\u00e0 con quanto stabilito nella normativa vigente sulla Protezione dei Dati Personali (GDPR) e la Legge 34\/2002, dell&#8217;11 luglio, sui Servizi della Societ\u00e0 dell&#8217;Informazione e di Commercio Elettronico (LSSI-CE), ACCOMODATUM GESTION Y SERVICIOS SL informa gli utenti che ha proceduto a creare un profilo sui Social Network Facebook, Twitter, Instagram, con [&hellip;]","og_url":"https:\/\/singularstays.com\/it\/politica-sulla-privacy\/","og_site_name":"SingularStays","article_modified_time":"2024-03-05T12:32:31+00:00","twitter_card":"summary_large_image","twitter_misc":{"Tempo di lettura stimato":"10 minuti"},"schema":{"@context":"https:\/\/schema.org","@graph":[{"@type":"WebPage","@id":"https:\/\/singularstays.com\/it\/politica-sulla-privacy\/","url":"https:\/\/singularstays.com\/it\/politica-sulla-privacy\/","name":"Politica sulla Privacy - SingularStays","isPartOf":{"@id":"https:\/\/singularstays.com\/it\/#website"},"datePublished":"2024-01-30T08:03:12+00:00","dateModified":"2024-03-05T12:32:31+00:00","breadcrumb":{"@id":"https:\/\/singularstays.com\/it\/politica-sulla-privacy\/#breadcrumb"},"inLanguage":"it-IT","potentialAction":[{"@type":"ReadAction","target":["https:\/\/singularstays.com\/it\/politica-sulla-privacy\/"]}]},{"@type":"BreadcrumbList","@id":"https:\/\/singularstays.com\/it\/politica-sulla-privacy\/#breadcrumb","itemListElement":[{"@type":"ListItem","position":1,"name":"Portada","item":"https:\/\/singularstays.com\/it\/"},{"@type":"ListItem","position":2,"name":"Politica sulla Privacy"}]},{"@type":"WebSite","@id":"https:\/\/singularstays.com\/it\/#website","url":"https:\/\/singularstays.com\/it\/","name":"SingularStays","description":"Estancias con Encanto","publisher":{"@id":"https:\/\/singularstays.com\/it\/#organization"},"potentialAction":[{"@type":"SearchAction","target":{"@type":"EntryPoint","urlTemplate":"https:\/\/singularstays.com\/it\/?s={search_term_string}"},"query-input":{"@type":"PropertyValueSpecification","valueRequired":true,"valueName":"search_term_string"}}],"inLanguage":"it-IT"},{"@type":"Organization","@id":"https:\/\/singularstays.com\/it\/#organization","name":"SingularStays","url":"https:\/\/singularstays.com\/it\/","logo":{"@type":"ImageObject","inLanguage":"it-IT","@id":"https:\/\/singularstays.com\/it\/#\/schema\/logo\/image\/","url":"https:\/\/singularstays.com\/wp-content\/uploads\/2024\/01\/logo-singularstays.png","contentUrl":"https:\/\/singularstays.com\/wp-content\/uploads\/2024\/01\/logo-singularstays.png","width":1410,"height":658,"caption":"SingularStays"},"image":{"@id":"https:\/\/singularstays.com\/it\/#\/schema\/logo\/image\/"}}]}},"_links":{"self":[{"href":"https:\/\/singularstays.com\/it\/wp-json\/wp\/v2\/pages\/11944","targetHints":{"allow":["GET"]}}],"collection":[{"href":"https:\/\/singularstays.com\/it\/wp-json\/wp\/v2\/pages"}],"about":[{"href":"https:\/\/singularstays.com\/it\/wp-json\/wp\/v2\/types\/page"}],"author":[{"embeddable":true,"href":"https:\/\/singularstays.com\/it\/wp-json\/wp\/v2\/users\/1"}],"replies":[{"embeddable":true,"href":"https:\/\/singularstays.com\/it\/wp-json\/wp\/v2\/comments?post=11944"}],"version-history":[{"count":1,"href":"https:\/\/singularstays.com\/it\/wp-json\/wp\/v2\/pages\/11944\/revisions"}],"predecessor-version":[{"id":11945,"href":"https:\/\/singularstays.com\/it\/wp-json\/wp\/v2\/pages\/11944\/revisions\/11945"}],"wp:attachment":[{"href":"https:\/\/singularstays.com\/it\/wp-json\/wp\/v2\/media?parent=11944"}],"curies":[{"name":"wp","href":"https:\/\/api.w.org\/{rel}","templated":true}]}}