{"id":11960,"date":"2024-03-05T18:50:06","date_gmt":"2024-03-05T18:50:06","guid":{"rendered":"https:\/\/singularstays.com\/politica-sui-cookie\/"},"modified":"2024-03-16T17:13:13","modified_gmt":"2024-03-16T17:13:13","slug":"politica-sui-cookie","status":"publish","type":"page","link":"https:\/\/singularstays.com\/it\/politica-sui-cookie\/","title":{"rendered":"Politica sui Cookie"},"content":{"rendered":"\t\t<div data-elementor-type=\"wp-page\" data-elementor-id=\"11960\" class=\"elementor elementor-11960 elementor-11950\" data-elementor-post-type=\"page\">\n\t\t\t\t\t\t<section class=\"elementor-section elementor-top-section elementor-element elementor-element-c1131d6 elementor-section-full_width elementor-section-height-min-height elementor-section-items-stretch elementor-section-height-default\" data-id=\"c1131d6\" data-element_type=\"section\" data-e-type=\"section\" data-settings=\"{&quot;background_background&quot;:&quot;classic&quot;}\">\n\t\t\t\t\t\t<div class=\"elementor-container elementor-column-gap-no\">\n\t\t\t\t\t<div class=\"elementor-column elementor-col-100 elementor-top-column elementor-element elementor-element-74d3694\" data-id=\"74d3694\" data-element_type=\"column\" data-e-type=\"column\">\n\t\t\t<div class=\"elementor-widget-wrap elementor-element-populated\">\n\t\t\t\t\t\t<section class=\"elementor-section elementor-inner-section elementor-element elementor-element-cda49ef elementor-section-boxed elementor-section-height-default elementor-section-height-default\" data-id=\"cda49ef\" data-element_type=\"section\" data-e-type=\"section\">\n\t\t\t\t\t\t<div class=\"elementor-container elementor-column-gap-default\">\n\t\t\t\t\t<div class=\"elementor-column elementor-col-100 elementor-inner-column elementor-element elementor-element-bf661c0\" data-id=\"bf661c0\" data-element_type=\"column\" data-e-type=\"column\">\n\t\t\t<div class=\"elementor-widget-wrap\">\n\t\t\t\t\t\t\t<\/div>\n\t\t<\/div>\n\t\t\t\t\t<\/div>\n\t\t<\/section>\n\t\t\t\t\t<\/div>\n\t\t<\/div>\n\t\t\t\t\t<\/div>\n\t\t<\/section>\n\t\t<div class=\"elementor-element elementor-element-9484619 e-flex e-con-boxed e-con e-parent\" data-id=\"9484619\" data-element_type=\"container\" data-e-type=\"container\">\n\t\t\t\t\t<div class=\"e-con-inner\">\n\t\t\t\t<div class=\"elementor-element elementor-element-ddb3f88 elementor-widget elementor-widget-text-editor\" data-id=\"ddb3f88\" data-element_type=\"widget\" data-e-type=\"widget\" data-widget_type=\"text-editor.default\">\n\t\t\t\t<div class=\"elementor-widget-container\">\n\t\t\t\t\t\t\t\t\t<h2>Politica sui Cookie<\/h2>\n<p>Un Cookie \u00e8 un file che viene scaricato sul tuo computer quando accedi a determinate pagine web. I cookie permettono a una pagina web, tra le altre cose, di memorizzare e recuperare informazioni sulle abitudini di navigazione di un utente o del suo computer e, a seconda delle informazioni che contengono e del modo in cui utilizza il suo computer, possono essere utilizzati per riconoscere l&#8217;utente. I cookie sono essenziali per il funzionamento di internet, offrendo innumerevoli vantaggi nella fornitura di servizi interattivi, facilitando la navigazione e l&#8217;usabilit\u00e0 del nostro sito web.<\/p>\n<p>Le informazioni che forniamo di seguito ti aiuteranno a comprendere i diversi tipi di cookie:<\/p>\n<p>TIPI DI COOKIE<\/p>\n<p>A SECONDA DELL&#8217;ENTIT\u00c0 CHE LI GESTISCE Cookie propri: Sono quelli raccolti dallo stesso editore per fornire il servizio richiesto dall&#8217;utente. Cookie di terze parti: Sono quelli che vengono raccolti e gestiti da una terza parte, questi non possono essere considerati propri. A SECONDA DEL PERIODO DI TEMPO CHE RIMANGONO ATTIVATI Cookie di sessione: Raccolgono dati mentre l&#8217;utente naviga nella rete al fine di fornire il servizio richiesto. Cookie persistenti: Vengono memorizzati sul terminale e le informazioni ottenute saranno utilizzate dal responsabile del cookie al fine di fornire il servizio richiesto. A SECONDA DELLA LORO FINALIT\u00c0 Cookie tecnici: Sono quelli necessari per la corretta navigazione sul sito web. Cookie di personalizzazione: Consentono all&#8217;utente caratteristiche (lingua) per la navigazione sul sito web. Cookie di analisi: Consentono al fornitore l&#8217;analisi collegata alla navigazione effettuata dall&#8217;utente, al fine di tenere traccia dell&#8217;uso della pagina web, nonch\u00e9 di realizzare statistiche sui contenuti pi\u00f9 visitati, numero di visitatori, ecc. Cookie pubblicitari: Consentono all&#8217;editore di includere spazi pubblicitari sul sito web, in base al contenuto del sito web stesso. Cookie per la pubblicit\u00e0 comportamentale: Consentono all&#8217;editore di includere spazi pubblicitari sul sito web in base alle informazioni ottenute attraverso le abitudini di navigazione dell&#8217;utente. Come previsto dall&#8217;articolo 22.2 della Legge 34\/2002, dell&#8217;11 luglio, sui Servizi della Societ\u00e0 dell&#8217;Informazione e di Commercio Elettronico (LSSI-CE), ACCOMODATUM GESTION Y SERVICIOS SL informa sui cookie utilizzati sul nostro sito web:<\/p>\n<p>TIPI DI COOKIE Cookie propri: S\u00cc Cookie di terze parti: S\u00cc Cookie di sessione: S\u00cc Cookie persistenti: S\u00cc<\/p>\n<p>FINALIT\u00c0 Cookie tecnici: S\u00cc Cookie di personalizzazione: S\u00cc Cookie di analisi: S\u00cc Cookie pubblicitari: S\u00cc Cookie per la pubblicit\u00e0 comportamentale: S\u00cc<\/p>\n<p>Google Analytics: Memorizza cookie per poter elaborare statistiche sul traffico e volume di visite di questo sito. Utilizzando questo sito web stai consentendo il trattamento delle informazioni su di te da parte di Google. Pertanto, l&#8217;esercizio di qualsiasi diritto in questo senso dovr\u00e0 essere fatto comunicando direttamente con Google.<\/p>\n<p>I cookie di Google Analytics sono memorizzati su server situati negli Stati Uniti e si impegna a non condividerli con terzi, tranne nei casi in cui sia necessario per il funzionamento del sistema o quando la legge lo richieda a tale effetto. Secondo Google, non conserva il tuo indirizzo IP.<\/p>\n<p>Google Inc. \u00e8 una societ\u00e0 che aderisce al &#8220;Privacy Shield&#8221; (scudo per la privacy) che garantisce che tutti i dati trasferiti saranno trattati con un livello di protezione conforme alla normativa europea. Puoi consultare informazioni dettagliate in merito a questo attraverso il seguente link: <a href=\"https:\/\/support.google.com\/analytics\/answer\/6004245\" target=\"_new\">https:\/\/support.google.com\/analytics\/answer\/6004245<\/a>.<\/p>\n<p>Se lo desideri, puoi utilizzare il Componente aggiuntivo di disattivazione per i browser di Google Analytics attraverso le cui istruzioni possono essere rifiutati i cookie analitici di tale servizio in tutti i browser. Puoi consultare maggiori informazioni al riguardo nel seguente link: <a href=\"https:\/\/tools.google.com\/dlpage\/gaoptout\" target=\"_new\">https:\/\/tools.google.com\/dlpage\/gaoptout<\/a> Inoltre, ACCOMODATUM GESTION Y SERVICIOS SL informa l&#8217;utente della possibilit\u00e0 di configurare il suo browser in modo da essere informato della ricezione di cookie, potendo, se lo desidera, impedire che siano installati sul suo disco rigido.<\/p>\n<p>Di seguito forniamo i link di vari browser, attraverso i quali \u00e8 possibile effettuare tale configurazione:<\/p>\n<p>Firefox da qui: <a target=\"_new\">http:\/\/support.mozilla.org\/it\/kb\/Attivare%20e%20disattivare%20i%20cookie<\/a><\/p>\n<p>Chrome da qui: <a target=\"_new\">http:\/\/support.google.com\/chrome\/bin\/answer.py?hl=it&amp;answer=95647<\/a><\/p>\n<p>Explorer da qui: <a target=\"_new\">http:\/\/windows.microsoft.com\/it-it\/windows7\/how-to-manage-cookies-in-internet-explorer-9<\/a><\/p>\n<p>Safari da qui: <a target=\"_new\">https:\/\/support.apple.com\/it-it\/HT201265<\/a><\/p>\n<p>Opera da qui: <a target=\"_new\">http:\/\/help.opera.com\/Windows\/10.20\/it\/cookies.html<\/a><\/p>\n\t\t\t\t\t\t\t\t<\/div>\n\t\t\t\t<\/div>\n\t\t\t\t\t<\/div>\n\t\t\t\t<\/div>\n\t\t<div class=\"elementor-element elementor-element-fc1af2b e-flex e-con-boxed e-con e-parent\" data-id=\"fc1af2b\" data-element_type=\"container\" data-e-type=\"container\">\n\t\t\t\t\t<div class=\"e-con-inner\">\n\t\t\t\t<div class=\"elementor-element elementor-element-59fe4e2 elementor-widget elementor-widget-spacer\" data-id=\"59fe4e2\" data-element_type=\"widget\" data-e-type=\"widget\" data-widget_type=\"spacer.default\">\n\t\t\t\t<div class=\"elementor-widget-container\">\n\t\t\t\t\t\t\t<div class=\"elementor-spacer\">\n\t\t\t<div class=\"elementor-spacer-inner\"><\/div>\n\t\t<\/div>\n\t\t\t\t\t\t<\/div>\n\t\t\t\t<\/div>\n\t\t\t\t\t<\/div>\n\t\t\t\t<\/div>\n\t\t\t\t<\/div>\n\t\t","protected":false},"excerpt":{"rendered":"<p>Politica sui Cookie Un Cookie \u00e8 un file che viene scaricato sul tuo computer quando accedi a determinate pagine web. I cookie permettono a una pagina web, tra le altre cose, di memorizzare e recuperare informazioni sulle abitudini di navigazione di un utente o del suo computer e, a seconda delle informazioni che contengono e [&hellip;]<\/p>\n","protected":false},"author":1,"featured_media":0,"parent":0,"menu_order":0,"comment_status":"closed","ping_status":"closed","template":"","meta":{"_coblocks_attr":"","_coblocks_dimensions":"","_coblocks_responsive_height":"","_coblocks_accordion_ie_support":"","content-type":"","footnotes":""},"class_list":["post-11960","page","type-page","status-publish","hentry"],"yoast_head":"<!-- This site is optimized with the Yoast SEO plugin v27.6 - https:\/\/yoast.com\/product\/yoast-seo-wordpress\/ -->\n<title>Politica sui Cookie - SingularStays<\/title>\n<meta name=\"robots\" content=\"index, follow, max-snippet:-1, max-image-preview:large, max-video-preview:-1\" \/>\n<link rel=\"canonical\" href=\"https:\/\/singularstays.com\/it\/politica-sui-cookie\/\" \/>\n<meta property=\"og:locale\" content=\"it_IT\" \/>\n<meta property=\"og:type\" content=\"article\" \/>\n<meta property=\"og:title\" content=\"Politica sui Cookie - SingularStays\" \/>\n<meta property=\"og:description\" content=\"Politica sui Cookie Un Cookie \u00e8 un file che viene scaricato sul tuo computer quando accedi a determinate pagine web. I cookie permettono a una pagina web, tra le altre cose, di memorizzare e recuperare informazioni sulle abitudini di navigazione di un utente o del suo computer e, a seconda delle informazioni che contengono e [&hellip;]\" \/>\n<meta property=\"og:url\" content=\"https:\/\/singularstays.com\/it\/politica-sui-cookie\/\" \/>\n<meta property=\"og:site_name\" content=\"SingularStays\" \/>\n<meta property=\"article:modified_time\" content=\"2024-03-16T17:13:13+00:00\" \/>\n<meta name=\"twitter:card\" content=\"summary_large_image\" \/>\n<meta name=\"twitter:label1\" content=\"Tempo di lettura stimato\" \/>\n\t<meta name=\"twitter:data1\" content=\"3 minuti\" \/>\n<script type=\"application\/ld+json\" class=\"yoast-schema-graph\">{\"@context\":\"https:\\\/\\\/schema.org\",\"@graph\":[{\"@type\":\"WebPage\",\"@id\":\"https:\\\/\\\/singularstays.com\\\/it\\\/politica-sui-cookie\\\/\",\"url\":\"https:\\\/\\\/singularstays.com\\\/it\\\/politica-sui-cookie\\\/\",\"name\":\"Politica sui Cookie - SingularStays\",\"isPartOf\":{\"@id\":\"https:\\\/\\\/singularstays.com\\\/it\\\/#website\"},\"datePublished\":\"2024-03-05T18:50:06+00:00\",\"dateModified\":\"2024-03-16T17:13:13+00:00\",\"breadcrumb\":{\"@id\":\"https:\\\/\\\/singularstays.com\\\/it\\\/politica-sui-cookie\\\/#breadcrumb\"},\"inLanguage\":\"it-IT\",\"potentialAction\":[{\"@type\":\"ReadAction\",\"target\":[\"https:\\\/\\\/singularstays.com\\\/it\\\/politica-sui-cookie\\\/\"]}]},{\"@type\":\"BreadcrumbList\",\"@id\":\"https:\\\/\\\/singularstays.com\\\/it\\\/politica-sui-cookie\\\/#breadcrumb\",\"itemListElement\":[{\"@type\":\"ListItem\",\"position\":1,\"name\":\"Portada\",\"item\":\"https:\\\/\\\/singularstays.com\\\/it\\\/\"},{\"@type\":\"ListItem\",\"position\":2,\"name\":\"Politica sui Cookie\"}]},{\"@type\":\"WebSite\",\"@id\":\"https:\\\/\\\/singularstays.com\\\/it\\\/#website\",\"url\":\"https:\\\/\\\/singularstays.com\\\/it\\\/\",\"name\":\"SingularStays\",\"description\":\"Estancias con Encanto\",\"publisher\":{\"@id\":\"https:\\\/\\\/singularstays.com\\\/it\\\/#organization\"},\"potentialAction\":[{\"@type\":\"SearchAction\",\"target\":{\"@type\":\"EntryPoint\",\"urlTemplate\":\"https:\\\/\\\/singularstays.com\\\/it\\\/?s={search_term_string}\"},\"query-input\":{\"@type\":\"PropertyValueSpecification\",\"valueRequired\":true,\"valueName\":\"search_term_string\"}}],\"inLanguage\":\"it-IT\"},{\"@type\":\"Organization\",\"@id\":\"https:\\\/\\\/singularstays.com\\\/it\\\/#organization\",\"name\":\"SingularStays\",\"url\":\"https:\\\/\\\/singularstays.com\\\/it\\\/\",\"logo\":{\"@type\":\"ImageObject\",\"inLanguage\":\"it-IT\",\"@id\":\"https:\\\/\\\/singularstays.com\\\/it\\\/#\\\/schema\\\/logo\\\/image\\\/\",\"url\":\"https:\\\/\\\/singularstays.com\\\/wp-content\\\/uploads\\\/2024\\\/01\\\/logo-singularstays.png\",\"contentUrl\":\"https:\\\/\\\/singularstays.com\\\/wp-content\\\/uploads\\\/2024\\\/01\\\/logo-singularstays.png\",\"width\":1410,\"height\":658,\"caption\":\"SingularStays\"},\"image\":{\"@id\":\"https:\\\/\\\/singularstays.com\\\/it\\\/#\\\/schema\\\/logo\\\/image\\\/\"}}]}<\/script>\n<!-- \/ Yoast SEO plugin. -->","yoast_head_json":{"title":"Politica sui Cookie - SingularStays","robots":{"index":"index","follow":"follow","max-snippet":"max-snippet:-1","max-image-preview":"max-image-preview:large","max-video-preview":"max-video-preview:-1"},"canonical":"https:\/\/singularstays.com\/it\/politica-sui-cookie\/","og_locale":"it_IT","og_type":"article","og_title":"Politica sui Cookie - SingularStays","og_description":"Politica sui Cookie Un Cookie \u00e8 un file che viene scaricato sul tuo computer quando accedi a determinate pagine web. I cookie permettono a una pagina web, tra le altre cose, di memorizzare e recuperare informazioni sulle abitudini di navigazione di un utente o del suo computer e, a seconda delle informazioni che contengono e [&hellip;]","og_url":"https:\/\/singularstays.com\/it\/politica-sui-cookie\/","og_site_name":"SingularStays","article_modified_time":"2024-03-16T17:13:13+00:00","twitter_card":"summary_large_image","twitter_misc":{"Tempo di lettura stimato":"3 minuti"},"schema":{"@context":"https:\/\/schema.org","@graph":[{"@type":"WebPage","@id":"https:\/\/singularstays.com\/it\/politica-sui-cookie\/","url":"https:\/\/singularstays.com\/it\/politica-sui-cookie\/","name":"Politica sui Cookie - SingularStays","isPartOf":{"@id":"https:\/\/singularstays.com\/it\/#website"},"datePublished":"2024-03-05T18:50:06+00:00","dateModified":"2024-03-16T17:13:13+00:00","breadcrumb":{"@id":"https:\/\/singularstays.com\/it\/politica-sui-cookie\/#breadcrumb"},"inLanguage":"it-IT","potentialAction":[{"@type":"ReadAction","target":["https:\/\/singularstays.com\/it\/politica-sui-cookie\/"]}]},{"@type":"BreadcrumbList","@id":"https:\/\/singularstays.com\/it\/politica-sui-cookie\/#breadcrumb","itemListElement":[{"@type":"ListItem","position":1,"name":"Portada","item":"https:\/\/singularstays.com\/it\/"},{"@type":"ListItem","position":2,"name":"Politica sui Cookie"}]},{"@type":"WebSite","@id":"https:\/\/singularstays.com\/it\/#website","url":"https:\/\/singularstays.com\/it\/","name":"SingularStays","description":"Estancias con Encanto","publisher":{"@id":"https:\/\/singularstays.com\/it\/#organization"},"potentialAction":[{"@type":"SearchAction","target":{"@type":"EntryPoint","urlTemplate":"https:\/\/singularstays.com\/it\/?s={search_term_string}"},"query-input":{"@type":"PropertyValueSpecification","valueRequired":true,"valueName":"search_term_string"}}],"inLanguage":"it-IT"},{"@type":"Organization","@id":"https:\/\/singularstays.com\/it\/#organization","name":"SingularStays","url":"https:\/\/singularstays.com\/it\/","logo":{"@type":"ImageObject","inLanguage":"it-IT","@id":"https:\/\/singularstays.com\/it\/#\/schema\/logo\/image\/","url":"https:\/\/singularstays.com\/wp-content\/uploads\/2024\/01\/logo-singularstays.png","contentUrl":"https:\/\/singularstays.com\/wp-content\/uploads\/2024\/01\/logo-singularstays.png","width":1410,"height":658,"caption":"SingularStays"},"image":{"@id":"https:\/\/singularstays.com\/it\/#\/schema\/logo\/image\/"}}]}},"_links":{"self":[{"href":"https:\/\/singularstays.com\/it\/wp-json\/wp\/v2\/pages\/11960","targetHints":{"allow":["GET"]}}],"collection":[{"href":"https:\/\/singularstays.com\/it\/wp-json\/wp\/v2\/pages"}],"about":[{"href":"https:\/\/singularstays.com\/it\/wp-json\/wp\/v2\/types\/page"}],"author":[{"embeddable":true,"href":"https:\/\/singularstays.com\/it\/wp-json\/wp\/v2\/users\/1"}],"replies":[{"embeddable":true,"href":"https:\/\/singularstays.com\/it\/wp-json\/wp\/v2\/comments?post=11960"}],"version-history":[{"count":2,"href":"https:\/\/singularstays.com\/it\/wp-json\/wp\/v2\/pages\/11960\/revisions"}],"predecessor-version":[{"id":11967,"href":"https:\/\/singularstays.com\/it\/wp-json\/wp\/v2\/pages\/11960\/revisions\/11967"}],"wp:attachment":[{"href":"https:\/\/singularstays.com\/it\/wp-json\/wp\/v2\/media?parent=11960"}],"curies":[{"name":"wp","href":"https:\/\/api.w.org\/{rel}","templated":true}]}}